{"id":7943,"date":"2023-11-09T08:06:00","date_gmt":"2023-11-09T08:06:00","guid":{"rendered":"https:\/\/darkgoldenrod-aardvark-509740.hostingersite.com\/contacta-nos\/"},"modified":"2024-07-22T11:23:20","modified_gmt":"2024-07-22T11:23:20","slug":"contacta-nos","status":"publish","type":"page","link":"https:\/\/botprosolutions.com\/pt\/contacta-nos\/","title":{"rendered":"Contacta nos"},"content":{"rendered":"<div class=\"wpb-content-wrapper\">[vc_row lg_spacing=&#8221;padding_top:50;padding_bottom:50&#8243;][vc_column width=&#8221;1\/2&#8243; content_position=&#8221;middle&#8221; el_class=&#8221;popup_leftside&#8221;][tm_contact_form_7_box id=&#8221;6302&#8243;][\/vc_column][vc_column width=&#8221;1\/2&#8243; offset=&#8221;vc_col-lg-6 vc_col-xs-12&#8243; sm_spacing=&#8221;margin_top:20&#8243; xs_spacing=&#8221;margin_top:20&#8243;][tm_heading tag=&#8221;h5&#8243; custom_google_font=&#8221;&#8221; xs_align=&#8221;center&#8221;]Let&#8217;s Collaborate![\/tm_heading][vc_column_text]Gostar\u00edamos de saber como podemos tornar as tuas possibilidades realidade atrav\u00e9s da tecnologia.[\/vc_column_text][tm_spacer size=&#8221;lg:10&#8243;][vc_row_inner content_placement=&#8221;middle&#8221; content_alignment=&#8221;center&#8221;][vc_column_inner width=&#8221;1\/2&#8243;][tm_heading tag=&#8221;div&#8221; custom_google_font=&#8221;&#8221; xs_align=&#8221;center&#8221;]<mark style=\"font-weight: bold;\">Escrit\u00f3rio de Rajkot<\/mark><br \/>\n530, N\u00edvel 6,<br \/>\n150 p\u00e9s Ring Rd,<br \/>\nRajkot, Gujarat 360005.[\/tm_heading][\/vc_column_inner][vc_column_inner width=&#8221;1\/2&#8243; content_position=&#8221;middle&#8221; align=&#8221;center&#8221;][tm_heading tag=&#8221;div&#8221; custom_google_font=&#8221;&#8221; xs_align=&#8221;center&#8221;]<mark style=\"font-weight: bold;\">Escrit\u00f3rio de Mumbai<\/mark><br \/>\n15, Riddhi Siddhi,<br \/>\nTanaji Nagar,<br \/>\nMalad East,<br \/>\nMumbai &#8211; 400097[\/tm_heading][\/vc_column_inner][\/vc_row_inner][vc_row_inner content_placement=&#8221;middle&#8221; content_alignment=&#8221;center&#8221;][vc_column_inner][tm_spacer size=&#8221;lg:10&#8243;][tm_heading tag=&#8221;div&#8221; custom_google_font=&#8221;&#8221; xs_align=&#8221;center&#8221;]<mark style=\"font-weight: bold;\">Escrit\u00f3rio em Portugal<\/mark><br \/>\nAv. Ant\u00f3nio Augusto de Aguiar,<br \/>\nn13, 2dto, 1050-010 Lisboa,<br \/>\nPortugal[\/tm_heading][tm_spacer size=&#8221;lg:10&#8243;][\/vc_column_inner][\/vc_row_inner][vc_row_inner][vc_column_inner][tm_spacer size=&#8221;lg:10&#8243;][tm_heading tag=&#8221;div&#8221; custom_google_font=&#8221;&#8221; font_weight=&#8221;700&#8243; xs_align=&#8221;center&#8221;]<mark>Envia um e-mail:<\/mark> <a href=\"mailto:info@botprosolutions.com\">info@botprosolutions.com<\/a>[\/tm_heading][tm_spacer size=&#8221;lg:10&#8243;][tm_heading tag=&#8221;div&#8221; custom_google_font=&#8221;&#8221; font_weight=&#8221;700&#8243; xs_align=&#8221;center&#8221; text_color=&#8221;custom&#8221; custom_text_color=&#8221;#333333&#8243; hover_text_color=&#8221;primary&#8221;]<mark>Telefona:<\/mark> <a href=\"tel:+912090999%2090999%\">(+91) 90999 04257<\/a>[\/tm_heading][tm_spacer size=&#8221;lg:20&#8243;][\/vc_column_inner][\/vc_row_inner][\/vc_column][\/vc_row][vc_row full_width=&#8221;stretch_row_content_no_spaces&#8221;][vc_column][tm_spacer size=&#8221;lg:50&#8243;][vc_raw_html]PGlmcmFtZSBzcmM9Imh0dHBzOi8vd3d3Lmdvb2dsZS5jb20vbWFwcy9lbWJlZD9wYj0hMW0xOCExbTEyITFtMyExZDM2OTAuMzk1NTUyMjk3MjA2ITJkNzAuNzkyNTk5MDc2MDAxNjghM2QyMi4zMzg2ODg1NDE1MDE1NDMhMm0zITFmMCEyZjAhM2YwITNtMiExaTEwMjQhMmk3NjghNGYxMy4xITNtMyExbTIhMXMweDM5NTljOTA1NmYxNjMzNzUlM0EweGM5YzdhZjRlYzVlYTEyNmUhMnNCb3Rwcm8lMjBTb2x1dGlvbnMhNWUwITNtMiExc2VuITJzaW4hNHYxNzExNzE5NjU2Njc3ITVtMiExc2VuITJzaW4iIHdpZHRoPSIxMDAlIiBoZWlnaHQ9IjY1MCIgc3R5bGU9ImJvcmRlcjowOyIgYWxsb3dmdWxsc2NyZWVuPSIiIGxvYWRpbmc9ImxhenkiIHJlZmVycmVycG9saWN5PSJuby1yZWZlcnJlci13aGVuLWRvd25ncmFkZSI+PC9pZnJhbWU+[\/vc_raw_html][\/vc_column][\/vc_row]\n<\/div>","protected":false},"excerpt":{"rendered":"<p>[vc_row lg_spacing=&#8221;padding_top:50;padding_bottom:50&#8243;][vc_column width=&#8221;1\/2&#8243; content_position=&#8221;middle&#8221; el_class=&#8221;popup_leftside&#8221;][tm_contact_form_7_box id=&#8221;6302&#8243;][\/vc_column][vc_column width=&#8221;1\/2&#8243; offset=&#8221;vc_col-lg-6 vc_col-xs-12&#8243; sm_spacing=&#8221;margin_top:20&#8243; xs_spacing=&#8221;margin_top:20&#8243;][tm_heading tag=&#8221;h5&#8243; custom_google_font=&#8221;&#8221; xs_align=&#8221;center&#8221;]Let&#8217;s Collaborate![\/tm_heading][vc_column_text]Gostar\u00edamos de saber como podemos tornar as tuas possibilidades realidade atrav\u00e9s da tecnologia.[\/vc_column_text][tm_spacer size=&#8221;lg:10&#8243;][vc_row_inner content_placement=&#8221;middle&#8221; content_alignment=&#8221;center&#8221;][vc_column_inner width=&#8221;1\/2&#8243;][tm_heading tag=&#8221;div&#8221; custom_google_font=&#8221;&#8221; xs_align=&#8221;center&#8221;]Escrit\u00f3rio de Rajkot 530, N\u00edvel 6, 150 p\u00e9s Ring Rd, Rajkot, Gujarat 360005.[\/tm_heading][\/vc_column_inner][vc_column_inner width=&#8221;1\/2&#8243; content_position=&#8221;middle&#8221; align=&#8221;center&#8221;][tm_heading tag=&#8221;div&#8221; custom_google_font=&#8221;&#8221; xs_align=&#8221;center&#8221;]Escrit\u00f3rio de Mumbai 15, Riddhi Siddhi, Tanaji Nagar, Malad East, Mumbai &#8211; 400097[\/tm_heading][\/vc_column_inner][\/vc_row_inner][vc_row_inner content_placement=&#8221;middle&#8221; content_alignment=&#8221;center&#8221;][vc_column_inner][tm_spacer size=&#8221;lg:10&#8243;][tm_heading tag=&#8221;div&#8221; custom_google_font=&#8221;&#8221; xs_align=&#8221;center&#8221;]Escrit\u00f3rio em Portugal Av. Ant\u00f3nio Augusto de Aguiar, n13, 2dto, 1050-010 Lisboa, Portugal[\/tm_heading][tm_spacer size=&#8221;lg:10&#8243;][\/vc_column_inner][\/vc_row_inner][vc_row_inner][vc_column_inner][tm_spacer size=&#8221;lg:10&#8243;][tm_heading tag=&#8221;div&#8221; custom_google_font=&#8221;&#8221; font_weight=&#8221;700&#8243; xs_align=&#8221;center&#8221;]Envia um e-mail: info@botprosolutions.com[\/tm_heading][tm_spacer size=&#8221;lg:10&#8243;][tm_heading tag=&#8221;div&#8221; custom_google_font=&#8221;&#8221; font_weight=&#8221;700&#8243; xs_align=&#8221;center&#8221; text_color=&#8221;custom&#8221; custom_text_color=&#8221;#333333&#8243; hover_text_color=&#8221;primary&#8221;]Telefona: (+91) 90999 04257[\/tm_heading][tm_spacer size=&#8221;lg:20&#8243;][\/vc_column_inner][\/vc_row_inner][\/vc_column][\/vc_row][vc_row full_width=&#8221;stretch_row_content_no_spaces&#8221;][vc_column][tm_spacer size=&#8221;lg:50&#8243;][vc_raw_html]PGlmcmFtZSBzcmM9Imh0dHBzOi8vd3d3Lmdvb2dsZS5jb20vbWFwcy9lbWJlZD9wYj0hMW0xOCExbTEyITFtMyExZDM2OTAuMzk1NTUyMjk3MjA2ITJkNzAuNzkyNTk5MDc2MDAxNjghM2QyMi4zMzg2ODg1NDE1MDE1NDMhMm0zITFmMCEyZjAhM2YwITNtMiExaTEwMjQhMmk3NjghNGYxMy4xITNtMyExbTIhMXMweDM5NTljOTA1NmYxNjMzNzUlM0EweGM5YzdhZjRlYzVlYTEyNmUhMnNCb3Rwcm8lMjBTb2x1dGlvbnMhNWUwITNtMiExc2VuITJzaW4hNHYxNzExNzE5NjU2Njc3ITVtMiExc2VuITJzaW4iIHdpZHRoPSIxMDAlIiBoZWlnaHQ9IjY1MCIgc3R5bGU9ImJvcmRlcjowOyIgYWxsb3dmdWxsc2NyZWVuPSIiIGxvYWRpbmc9ImxhenkiIHJlZmVycmVycG9saWN5PSJuby1yZWZlcnJlci13aGVuLWRvd25ncmFkZSI+PC9pZnJhbWU+[\/vc_raw_html][\/vc_column][\/vc_row]<\/p>\n","protected":false},"author":1,"featured_media":0,"parent":0,"menu_order":0,"comment_status":"closed","ping_status":"closed","template":"","meta":{"_acf_changed":false,"inline_featured_image":false,"footnotes":""},"class_list":["post-7943","page","type-page","status-publish","hentry","post-no-thumbnail"],"acf":[],"yoast_head":"<!-- This site is optimized with the Yoast SEO plugin v26.6 - https:\/\/yoast.com\/wordpress\/plugins\/seo\/ -->\n<title>Contacta nos - Botpro<\/title>\n<meta name=\"robots\" content=\"index, follow, max-snippet:-1, max-image-preview:large, max-video-preview:-1\" \/>\n<link rel=\"canonical\" href=\"https:\/\/botprosolutions.com\/pt\/contacta-nos\/\" \/>\n<meta property=\"og:locale\" content=\"pt_PT\" \/>\n<meta property=\"og:type\" content=\"article\" \/>\n<meta property=\"og:title\" content=\"Contacta nos - Botpro\" \/>\n<meta property=\"og:description\" content=\"[vc_row lg_spacing=&#8221;padding_top:50;padding_bottom:50&#8243;][vc_column width=&#8221;1\/2&#8243; content_position=&#8221;middle&#8221; el_class=&#8221;popup_leftside&#8221;][tm_contact_form_7_box id=&#8221;6302&#8243;][\/vc_column][vc_column width=&#8221;1\/2&#8243; offset=&#8221;vc_col-lg-6 vc_col-xs-12&#8243; sm_spacing=&#8221;margin_top:20&#8243; xs_spacing=&#8221;margin_top:20&#8243;][tm_heading tag=&#8221;h5&#8243; custom_google_font=&#8221;&#8221; xs_align=&#8221;center&#8221;]Let&#8217;s Collaborate![\/tm_heading][vc_column_text]Gostar\u00edamos de saber como podemos tornar as tuas possibilidades realidade atrav\u00e9s da tecnologia.[\/vc_column_text][tm_spacer size=&#8221;lg:10&#8243;][vc_row_inner content_placement=&#8221;middle&#8221; content_alignment=&#8221;center&#8221;][vc_column_inner width=&#8221;1\/2&#8243;][tm_heading tag=&#8221;div&#8221; custom_google_font=&#8221;&#8221; xs_align=&#8221;center&#8221;]Escrit\u00f3rio de Rajkot 530, N\u00edvel 6, 150 p\u00e9s Ring Rd, Rajkot, Gujarat 360005.[\/tm_heading][\/vc_column_inner][vc_column_inner width=&#8221;1\/2&#8243; content_position=&#8221;middle&#8221; align=&#8221;center&#8221;][tm_heading tag=&#8221;div&#8221; custom_google_font=&#8221;&#8221; xs_align=&#8221;center&#8221;]Escrit\u00f3rio de Mumbai 15, Riddhi Siddhi, Tanaji Nagar, Malad East, Mumbai &#8211; 400097[\/tm_heading][\/vc_column_inner][\/vc_row_inner][vc_row_inner content_placement=&#8221;middle&#8221; content_alignment=&#8221;center&#8221;][vc_column_inner][tm_spacer size=&#8221;lg:10&#8243;][tm_heading tag=&#8221;div&#8221; custom_google_font=&#8221;&#8221; xs_align=&#8221;center&#8221;]Escrit\u00f3rio em Portugal Av. Ant\u00f3nio Augusto de Aguiar, n13, 2dto, 1050-010 Lisboa, Portugal[\/tm_heading][tm_spacer size=&#8221;lg:10&#8243;][\/vc_column_inner][\/vc_row_inner][vc_row_inner][vc_column_inner][tm_spacer size=&#8221;lg:10&#8243;][tm_heading tag=&#8221;div&#8221; custom_google_font=&#8221;&#8221; font_weight=&#8221;700&#8243; xs_align=&#8221;center&#8221;]Envia um e-mail: info@botprosolutions.com[\/tm_heading][tm_spacer size=&#8221;lg:10&#8243;][tm_heading tag=&#8221;div&#8221; custom_google_font=&#8221;&#8221; font_weight=&#8221;700&#8243; xs_align=&#8221;center&#8221; text_color=&#8221;custom&#8221; custom_text_color=&#8221;#333333&#8243; hover_text_color=&#8221;primary&#8221;]Telefona: (+91) 90999 04257[\/tm_heading][tm_spacer size=&#8221;lg:20&#8243;][\/vc_column_inner][\/vc_row_inner][\/vc_column][\/vc_row][vc_row full_width=&#8221;stretch_row_content_no_spaces&#8221;][vc_column][tm_spacer size=&#8221;lg:50&#8243;][vc_raw_html]PGlmcmFtZSBzcmM9Imh0dHBzOi8vd3d3Lmdvb2dsZS5jb20vbWFwcy9lbWJlZD9wYj0hMW0xOCExbTEyITFtMyExZDM2OTAuMzk1NTUyMjk3MjA2ITJkNzAuNzkyNTk5MDc2MDAxNjghM2QyMi4zMzg2ODg1NDE1MDE1NDMhMm0zITFmMCEyZjAhM2YwITNtMiExaTEwMjQhMmk3NjghNGYxMy4xITNtMyExbTIhMXMweDM5NTljOTA1NmYxNjMzNzUlM0EweGM5YzdhZjRlYzVlYTEyNmUhMnNCb3Rwcm8lMjBTb2x1dGlvbnMhNWUwITNtMiExc2VuITJzaW4hNHYxNzExNzE5NjU2Njc3ITVtMiExc2VuITJzaW4iIHdpZHRoPSIxMDAlIiBoZWlnaHQ9IjY1MCIgc3R5bGU9ImJvcmRlcjowOyIgYWxsb3dmdWxsc2NyZWVuPSIiIGxvYWRpbmc9ImxhenkiIHJlZmVycmVycG9saWN5PSJuby1yZWZlcnJlci13aGVuLWRvd25ncmFkZSI+PC9pZnJhbWU+[\/vc_raw_html][\/vc_column][\/vc_row]\" \/>\n<meta property=\"og:url\" content=\"https:\/\/botprosolutions.com\/pt\/contacta-nos\/\" \/>\n<meta property=\"og:site_name\" content=\"Botpro\" \/>\n<meta property=\"article:modified_time\" content=\"2024-07-22T11:23:20+00:00\" \/>\n<meta name=\"twitter:card\" content=\"summary_large_image\" \/>\n<meta name=\"twitter:label1\" content=\"Est. reading time\" \/>\n\t<meta name=\"twitter:data1\" content=\"2 minutes\" \/>\n<script type=\"application\/ld+json\" class=\"yoast-schema-graph\">{\"@context\":\"https:\/\/schema.org\",\"@graph\":[{\"@type\":\"WebPage\",\"@id\":\"https:\/\/botprosolutions.com\/pt\/contacta-nos\/\",\"url\":\"https:\/\/botprosolutions.com\/pt\/contacta-nos\/\",\"name\":\"Contacta nos - Botpro\",\"isPartOf\":{\"@id\":\"https:\/\/botprosolutions.com\/pt\/#website\"},\"datePublished\":\"2023-11-09T08:06:00+00:00\",\"dateModified\":\"2024-07-22T11:23:20+00:00\",\"breadcrumb\":{\"@id\":\"https:\/\/botprosolutions.com\/pt\/contacta-nos\/#breadcrumb\"},\"inLanguage\":\"pt\",\"potentialAction\":[{\"@type\":\"ReadAction\",\"target\":[\"https:\/\/botprosolutions.com\/pt\/contacta-nos\/\"]}]},{\"@type\":\"BreadcrumbList\",\"@id\":\"https:\/\/botprosolutions.com\/pt\/contacta-nos\/#breadcrumb\",\"itemListElement\":[{\"@type\":\"ListItem\",\"position\":1,\"name\":\"Home\",\"item\":\"https:\/\/botprosolutions.com\/pt\/\"},{\"@type\":\"ListItem\",\"position\":2,\"name\":\"Contacta nos\"}]},{\"@type\":\"WebSite\",\"@id\":\"https:\/\/botprosolutions.com\/pt\/#website\",\"url\":\"https:\/\/botprosolutions.com\/pt\/\",\"name\":\"Botpro\",\"description\":\"\",\"potentialAction\":[{\"@type\":\"SearchAction\",\"target\":{\"@type\":\"EntryPoint\",\"urlTemplate\":\"https:\/\/botprosolutions.com\/pt\/?s={search_term_string}\"},\"query-input\":{\"@type\":\"PropertyValueSpecification\",\"valueRequired\":true,\"valueName\":\"search_term_string\"}}],\"inLanguage\":\"pt\"}]}<\/script>\n<!-- \/ Yoast SEO plugin. -->","yoast_head_json":{"title":"Contacta nos - Botpro","robots":{"index":"index","follow":"follow","max-snippet":"max-snippet:-1","max-image-preview":"max-image-preview:large","max-video-preview":"max-video-preview:-1"},"canonical":"https:\/\/botprosolutions.com\/pt\/contacta-nos\/","og_locale":"pt_PT","og_type":"article","og_title":"Contacta nos - Botpro","og_description":"[vc_row lg_spacing=&#8221;padding_top:50;padding_bottom:50&#8243;][vc_column width=&#8221;1\/2&#8243; content_position=&#8221;middle&#8221; el_class=&#8221;popup_leftside&#8221;][tm_contact_form_7_box id=&#8221;6302&#8243;][\/vc_column][vc_column width=&#8221;1\/2&#8243; offset=&#8221;vc_col-lg-6 vc_col-xs-12&#8243; sm_spacing=&#8221;margin_top:20&#8243; xs_spacing=&#8221;margin_top:20&#8243;][tm_heading tag=&#8221;h5&#8243; custom_google_font=&#8221;&#8221; xs_align=&#8221;center&#8221;]Let&#8217;s Collaborate![\/tm_heading][vc_column_text]Gostar\u00edamos de saber como podemos tornar as tuas possibilidades realidade atrav\u00e9s da tecnologia.[\/vc_column_text][tm_spacer size=&#8221;lg:10&#8243;][vc_row_inner content_placement=&#8221;middle&#8221; content_alignment=&#8221;center&#8221;][vc_column_inner width=&#8221;1\/2&#8243;][tm_heading tag=&#8221;div&#8221; custom_google_font=&#8221;&#8221; xs_align=&#8221;center&#8221;]Escrit\u00f3rio de Rajkot 530, N\u00edvel 6, 150 p\u00e9s Ring Rd, Rajkot, Gujarat 360005.[\/tm_heading][\/vc_column_inner][vc_column_inner width=&#8221;1\/2&#8243; content_position=&#8221;middle&#8221; align=&#8221;center&#8221;][tm_heading tag=&#8221;div&#8221; custom_google_font=&#8221;&#8221; xs_align=&#8221;center&#8221;]Escrit\u00f3rio de Mumbai 15, Riddhi Siddhi, Tanaji Nagar, Malad East, Mumbai &#8211; 400097[\/tm_heading][\/vc_column_inner][\/vc_row_inner][vc_row_inner content_placement=&#8221;middle&#8221; content_alignment=&#8221;center&#8221;][vc_column_inner][tm_spacer size=&#8221;lg:10&#8243;][tm_heading tag=&#8221;div&#8221; custom_google_font=&#8221;&#8221; xs_align=&#8221;center&#8221;]Escrit\u00f3rio em Portugal Av. Ant\u00f3nio Augusto de Aguiar, n13, 2dto, 1050-010 Lisboa, Portugal[\/tm_heading][tm_spacer size=&#8221;lg:10&#8243;][\/vc_column_inner][\/vc_row_inner][vc_row_inner][vc_column_inner][tm_spacer size=&#8221;lg:10&#8243;][tm_heading tag=&#8221;div&#8221; custom_google_font=&#8221;&#8221; font_weight=&#8221;700&#8243; xs_align=&#8221;center&#8221;]Envia um e-mail: info@botprosolutions.com[\/tm_heading][tm_spacer size=&#8221;lg:10&#8243;][tm_heading tag=&#8221;div&#8221; custom_google_font=&#8221;&#8221; font_weight=&#8221;700&#8243; xs_align=&#8221;center&#8221; text_color=&#8221;custom&#8221; custom_text_color=&#8221;#333333&#8243; hover_text_color=&#8221;primary&#8221;]Telefona: (+91) 90999 04257[\/tm_heading][tm_spacer size=&#8221;lg:20&#8243;][\/vc_column_inner][\/vc_row_inner][\/vc_column][\/vc_row][vc_row full_width=&#8221;stretch_row_content_no_spaces&#8221;][vc_column][tm_spacer size=&#8221;lg:50&#8243;][vc_raw_html]PGlmcmFtZSBzcmM9Imh0dHBzOi8vd3d3Lmdvb2dsZS5jb20vbWFwcy9lbWJlZD9wYj0hMW0xOCExbTEyITFtMyExZDM2OTAuMzk1NTUyMjk3MjA2ITJkNzAuNzkyNTk5MDc2MDAxNjghM2QyMi4zMzg2ODg1NDE1MDE1NDMhMm0zITFmMCEyZjAhM2YwITNtMiExaTEwMjQhMmk3NjghNGYxMy4xITNtMyExbTIhMXMweDM5NTljOTA1NmYxNjMzNzUlM0EweGM5YzdhZjRlYzVlYTEyNmUhMnNCb3Rwcm8lMjBTb2x1dGlvbnMhNWUwITNtMiExc2VuITJzaW4hNHYxNzExNzE5NjU2Njc3ITVtMiExc2VuITJzaW4iIHdpZHRoPSIxMDAlIiBoZWlnaHQ9IjY1MCIgc3R5bGU9ImJvcmRlcjowOyIgYWxsb3dmdWxsc2NyZWVuPSIiIGxvYWRpbmc9ImxhenkiIHJlZmVycmVycG9saWN5PSJuby1yZWZlcnJlci13aGVuLWRvd25ncmFkZSI+PC9pZnJhbWU+[\/vc_raw_html][\/vc_column][\/vc_row]","og_url":"https:\/\/botprosolutions.com\/pt\/contacta-nos\/","og_site_name":"Botpro","article_modified_time":"2024-07-22T11:23:20+00:00","twitter_card":"summary_large_image","twitter_misc":{"Est. reading time":"2 minutes"},"schema":{"@context":"https:\/\/schema.org","@graph":[{"@type":"WebPage","@id":"https:\/\/botprosolutions.com\/pt\/contacta-nos\/","url":"https:\/\/botprosolutions.com\/pt\/contacta-nos\/","name":"Contacta nos - Botpro","isPartOf":{"@id":"https:\/\/botprosolutions.com\/pt\/#website"},"datePublished":"2023-11-09T08:06:00+00:00","dateModified":"2024-07-22T11:23:20+00:00","breadcrumb":{"@id":"https:\/\/botprosolutions.com\/pt\/contacta-nos\/#breadcrumb"},"inLanguage":"pt","potentialAction":[{"@type":"ReadAction","target":["https:\/\/botprosolutions.com\/pt\/contacta-nos\/"]}]},{"@type":"BreadcrumbList","@id":"https:\/\/botprosolutions.com\/pt\/contacta-nos\/#breadcrumb","itemListElement":[{"@type":"ListItem","position":1,"name":"Home","item":"https:\/\/botprosolutions.com\/pt\/"},{"@type":"ListItem","position":2,"name":"Contacta nos"}]},{"@type":"WebSite","@id":"https:\/\/botprosolutions.com\/pt\/#website","url":"https:\/\/botprosolutions.com\/pt\/","name":"Botpro","description":"","potentialAction":[{"@type":"SearchAction","target":{"@type":"EntryPoint","urlTemplate":"https:\/\/botprosolutions.com\/pt\/?s={search_term_string}"},"query-input":{"@type":"PropertyValueSpecification","valueRequired":true,"valueName":"search_term_string"}}],"inLanguage":"pt"}]}},"_hostinger_reach_plugin_has_subscription_block":false,"_hostinger_reach_plugin_is_elementor":false,"_links":{"self":[{"href":"https:\/\/botprosolutions.com\/pt\/wp-json\/wp\/v2\/pages\/7943","targetHints":{"allow":["GET"]}}],"collection":[{"href":"https:\/\/botprosolutions.com\/pt\/wp-json\/wp\/v2\/pages"}],"about":[{"href":"https:\/\/botprosolutions.com\/pt\/wp-json\/wp\/v2\/types\/page"}],"author":[{"embeddable":true,"href":"https:\/\/botprosolutions.com\/pt\/wp-json\/wp\/v2\/users\/1"}],"replies":[{"embeddable":true,"href":"https:\/\/botprosolutions.com\/pt\/wp-json\/wp\/v2\/comments?post=7943"}],"version-history":[{"count":4,"href":"https:\/\/botprosolutions.com\/pt\/wp-json\/wp\/v2\/pages\/7943\/revisions"}],"predecessor-version":[{"id":7989,"href":"https:\/\/botprosolutions.com\/pt\/wp-json\/wp\/v2\/pages\/7943\/revisions\/7989"}],"wp:attachment":[{"href":"https:\/\/botprosolutions.com\/pt\/wp-json\/wp\/v2\/media?parent=7943"}],"curies":[{"name":"wp","href":"https:\/\/api.w.org\/{rel}","templated":true}]}}